{"id":13,"date":"2025-10-07T11:20:28","date_gmt":"2025-10-07T11:20:28","guid":{"rendered":"https:\/\/xghome9.rkinformatika.online\/?page_id=13"},"modified":"2025-10-07T13:51:46","modified_gmt":"2025-10-07T13:51:46","slug":"productos","status":"publish","type":"page","link":"https:\/\/xghome9.com\/en\/productos\/","title":{"rendered":"Products"},"content":{"rendered":"\t\t<div data-elementor-type=\"wp-page\" data-elementor-id=\"13\" class=\"elementor elementor-13\" data-elementor-post-type=\"page\">\n\t\t\t\t\t\t<section class=\"elementor-section elementor-top-section elementor-element elementor-element-18ca139 elementor-section-full_width elementor-section-height-default elementor-section-height-default\" data-id=\"18ca139\" data-element_type=\"section\" data-e-type=\"section\" data-settings=\"{&quot;background_background&quot;:&quot;classic&quot;,&quot;background_motion_fx_motion_fx_scrolling&quot;:&quot;yes&quot;,&quot;background_motion_fx_devices&quot;:[&quot;desktop&quot;,&quot;tablet&quot;,&quot;mobile&quot;]}\">\n\t\t\t\t\t\t\t<div class=\"elementor-background-overlay\"><\/div>\n\t\t\t\t\t\t\t<div class=\"elementor-container elementor-column-gap-default\">\n\t\t\t\t\t<div class=\"elementor-column elementor-col-100 elementor-top-column elementor-element elementor-element-04c4171\" data-id=\"04c4171\" data-element_type=\"column\" data-e-type=\"column\">\n\t\t\t<div class=\"elementor-widget-wrap elementor-element-populated\">\n\t\t\t\t\t\t<div class=\"elementor-element elementor-element-42fe02b elementor-invisible elementor-widget elementor-widget-heading\" data-id=\"42fe02b\" data-element_type=\"widget\" data-e-type=\"widget\" data-settings=\"{&quot;_animation&quot;:&quot;fadeIn&quot;}\" data-widget_type=\"heading.default\">\n\t\t\t\t\t<h1 class=\"elementor-heading-title elementor-size-default\">PRODUCTOS<\/h1>\t\t\t\t<\/div>\n\t\t\t\t<section class=\"elementor-section elementor-inner-section elementor-element elementor-element-679a624 elementor-section-boxed elementor-section-height-default elementor-section-height-default\" data-id=\"679a624\" data-element_type=\"section\" data-e-type=\"section\">\n\t\t\t\t\t\t<div class=\"elementor-container elementor-column-gap-default\">\n\t\t\t\t\t<div class=\"elementor-column elementor-col-100 elementor-inner-column elementor-element elementor-element-ed0db79\" data-id=\"ed0db79\" data-element_type=\"column\" data-e-type=\"column\">\n\t\t\t<div class=\"elementor-widget-wrap\">\n\t\t\t\t\t\t\t<\/div>\n\t\t<\/div>\n\t\t\t\t\t<\/div>\n\t\t<\/section>\n\t\t\t\t\t<\/div>\n\t\t<\/div>\n\t\t\t\t\t<\/div>\n\t\t<\/section>\n\t\t<div class=\"elementor-element elementor-element-410972d e-flex e-con-boxed e-con e-parent\" data-id=\"410972d\" data-element_type=\"container\" data-e-type=\"container\">\n\t\t\t\t\t<div class=\"e-con-inner\">\n\t\t\t\t<div class=\"elementor-element elementor-element-585b639 elementor-widget elementor-widget-text-editor\" data-id=\"585b639\" data-element_type=\"widget\" data-e-type=\"widget\" data-widget_type=\"text-editor.default\">\n\t\t\t\t\t\t\t\t\t<p><strong data-start=\"997\" data-end=\"1029\">Art\u00edculos de bazar y regalo:<\/strong> Detalles pr\u00e1cticos y originales para todas las ocasiones.<\/p>\t\t\t\t\t\t\t\t<\/div>\n\t\t\t\t\t<\/div>\n\t\t\t\t<\/div>\n\t\t<div class=\"elementor-element elementor-element-e4af8f1 e-flex e-con-boxed e-con e-parent\" data-id=\"e4af8f1\" data-element_type=\"container\" data-e-type=\"container\">\n\t\t\t\t\t<div class=\"e-con-inner\">\n\t\t\t\t<div class=\"elementor-element elementor-element-eaddd49 elementor-widget elementor-widget-text-editor\" data-id=\"eaddd49\" data-element_type=\"widget\" data-e-type=\"widget\" data-widget_type=\"text-editor.default\">\n\t\t\t\t\t\t\t\t\t<p><strong data-start=\"1092\" data-end=\"1115\">Decoraci\u00f3n y hogar:<\/strong> Accesorios y complementos que embellecen cualquier espacio.<\/p>\t\t\t\t\t\t\t\t<\/div>\n\t\t\t\t\t<\/div>\n\t\t\t\t<\/div>\n\t\t<div class=\"elementor-element elementor-element-5786d7e e-flex e-con-boxed e-con e-parent\" data-id=\"5786d7e\" data-element_type=\"container\" data-e-type=\"container\">\n\t\t\t\t\t<div class=\"e-con-inner\">\n\t\t\t\t<div class=\"elementor-element elementor-element-51f1268 elementor-widget elementor-widget-text-editor\" data-id=\"51f1268\" data-element_type=\"widget\" data-e-type=\"widget\" data-widget_type=\"text-editor.default\">\n\t\t\t\t\t\t\t\t\t<p><strong data-start=\"1180\" data-end=\"1202\">Belleza e higiene:<\/strong> Productos de cuidado personal de alta calidad.<\/p>\t\t\t\t\t\t\t\t<\/div>\n\t\t\t\t\t<\/div>\n\t\t\t\t<\/div>\n\t\t<div class=\"elementor-element elementor-element-a549a8d e-flex e-con-boxed e-con e-parent\" data-id=\"a549a8d\" data-element_type=\"container\" data-e-type=\"container\">\n\t\t\t\t\t<div class=\"e-con-inner\">\n\t\t\t\t<div class=\"elementor-element elementor-element-83d4004 elementor-widget elementor-widget-text-editor\" data-id=\"83d4004\" data-element_type=\"widget\" data-e-type=\"widget\" data-widget_type=\"text-editor.default\">\n\t\t\t\t\t\t\t\t\t<p><strong data-start=\"1254\" data-end=\"1267\">Limpieza:<\/strong> Soluciones efectivas para mantener entornos impecables.<\/p>\t\t\t\t\t\t\t\t<\/div>\n\t\t\t\t\t<\/div>\n\t\t\t\t<\/div>\n\t\t<div class=\"elementor-element elementor-element-5361c28 e-flex e-con-boxed e-con e-parent\" data-id=\"5361c28\" data-element_type=\"container\" data-e-type=\"container\">\n\t\t\t\t\t<div class=\"e-con-inner\">\n\t\t\t\t<div class=\"elementor-element elementor-element-00b8d52 elementor-widget elementor-widget-text-editor\" data-id=\"00b8d52\" data-element_type=\"widget\" data-e-type=\"widget\" data-widget_type=\"text-editor.default\">\n\t\t\t\t\t\t\t\t\t<p><strong data-start=\"1328\" data-end=\"1365\">Bisuter\u00eda y complementos de moda:<\/strong> Dise\u00f1os elegantes y actuales.<\/p>\t\t\t\t\t\t\t\t<\/div>\n\t\t\t\t\t<\/div>\n\t\t\t\t<\/div>\n\t\t<div class=\"elementor-element elementor-element-9f98733 e-flex e-con-boxed e-con e-parent\" data-id=\"9f98733\" data-element_type=\"container\" data-e-type=\"container\">\n\t\t\t\t\t<div class=\"e-con-inner\">\n\t\t\t\t<div class=\"elementor-element elementor-element-b625cf3 elementor-widget elementor-widget-text-editor\" data-id=\"b625cf3\" data-element_type=\"widget\" data-e-type=\"widget\" data-widget_type=\"text-editor.default\">\n\t\t\t\t\t\t\t\t\t<p><strong data-start=\"1639\" data-end=\"1676\">Trabajos de imprenta y papeler\u00eda:<\/strong> Materiales de oficina, escolares y promocionales.<\/p>\t\t\t\t\t\t\t\t<\/div>\n\t\t\t\t\t<\/div>\n\t\t\t\t<\/div>\n\t\t<div class=\"elementor-element elementor-element-1b08e5c e-flex e-con-boxed e-con e-parent\" data-id=\"1b08e5c\" data-element_type=\"container\" data-e-type=\"container\">\n\t\t\t\t\t<div class=\"e-con-inner\">\n\t\t\t\t<div class=\"elementor-element elementor-element-b024050 elementor-widget elementor-widget-text-editor\" data-id=\"b024050\" data-element_type=\"widget\" data-e-type=\"widget\" data-widget_type=\"text-editor.default\">\n\t\t\t\t\t\t\t\t\t<p><strong data-start=\"1731\" data-end=\"1771\">Apartados el\u00e9ctricos y electr\u00f3nicos:<\/strong> Innovaci\u00f3n y tecnolog\u00eda al alcance de todos.<\/p>\t\t\t\t\t\t\t\t<\/div>\n\t\t\t\t\t<\/div>\n\t\t\t\t<\/div>\n\t\t\t\t<section class=\"elementor-section elementor-top-section elementor-element elementor-element-013b4c4 elementor-section-boxed elementor-section-height-default elementor-section-height-default\" data-id=\"013b4c4\" data-element_type=\"section\" data-e-type=\"section\" data-settings=\"{&quot;background_background&quot;:&quot;classic&quot;}\">\n\t\t\t\t\t\t\t<div class=\"elementor-background-overlay\"><\/div>\n\t\t\t\t\t\t\t<div class=\"elementor-container elementor-column-gap-no\">\n\t\t\t\t\t<div class=\"elementor-column elementor-col-100 elementor-top-column elementor-element elementor-element-ddcc103\" data-id=\"ddcc103\" data-element_type=\"column\" data-e-type=\"column\">\n\t\t\t<div class=\"elementor-widget-wrap elementor-element-populated\">\n\t\t\t\t\t\t<section class=\"elementor-section elementor-inner-section elementor-element elementor-element-ab0178e elementor-section-full_width elementor-section-height-default elementor-section-height-default\" data-id=\"ab0178e\" data-element_type=\"section\" data-e-type=\"section\">\n\t\t\t\t\t\t<div class=\"elementor-container elementor-column-gap-no\">\n\t\t\t\t\t<div class=\"elementor-column elementor-col-100 elementor-inner-column elementor-element elementor-element-c7aff96\" data-id=\"c7aff96\" data-element_type=\"column\" data-e-type=\"column\">\n\t\t\t<div class=\"elementor-widget-wrap elementor-element-populated\">\n\t\t\t\t\t\t<div class=\"elementor-element elementor-element-6f1c120 elementor-widget elementor-widget-heading\" data-id=\"6f1c120\" data-element_type=\"widget\" data-e-type=\"widget\" data-widget_type=\"heading.default\">\n\t\t\t\t\t<h2 class=\"elementor-heading-title elementor-size-default\">Si tienes alguna pregunta, quieres m\u00e1s informaci\u00f3n sobre nuestros productos o deseas solicitar un presupuesto, contacta con nosotros.<\/h2>\t\t\t\t<\/div>\n\t\t\t\t<div class=\"elementor-element elementor-element-60b93b9 elementor-align-center elementor-widget elementor-widget-button\" data-id=\"60b93b9\" data-element_type=\"widget\" data-e-type=\"widget\" data-widget_type=\"button.default\">\n\t\t\t\t\t\t\t\t\t\t<a class=\"elementor-button elementor-button-link elementor-size-sm\" href=\"https:\/\/xghome9.com\/contactos\/\">\n\t\t\t\t\t\t<span class=\"elementor-button-content-wrapper\">\n\t\t\t\t\t\t\t\t\t<span class=\"elementor-button-text\">Contacto<\/span>\n\t\t\t\t\t<\/span>\n\t\t\t\t\t<\/a>\n\t\t\t\t\t\t\t\t<\/div>\n\t\t\t\t\t<\/div>\n\t\t<\/div>\n\t\t\t\t\t<\/div>\n\t\t<\/section>\n\t\t\t\t\t<\/div>\n\t\t<\/div>\n\t\t\t\t\t<\/div>\n\t\t<\/section>\n\t\t\t\t<\/div>\n\t\t","protected":false},"excerpt":{"rendered":"<p>PRODUCTOS Art\u00edculos de bazar y regalo: Detalles pr\u00e1cticos y originales para todas las ocasiones. Decoraci\u00f3n y hogar: Accesorios y complementos que embellecen cualquier espacio. Belleza e higiene: Productos de cuidado personal de alta calidad. Limpieza: Soluciones efectivas para mantener entornos impecables. Bisuter\u00eda y complementos de moda: Dise\u00f1os elegantes y actuales. Trabajos de imprenta y papeler\u00eda: [&hellip;]<\/p>\n","protected":false},"author":1,"featured_media":0,"parent":0,"menu_order":0,"comment_status":"closed","ping_status":"closed","template":"elementor_canvas","meta":{"footnotes":""},"class_list":["post-13","page","type-page","status-publish","hentry"],"yoast_head":"<!-- This site is optimized with the Yoast SEO plugin v27.3 - https:\/\/yoast.com\/product\/yoast-seo-wordpress\/ -->\n<title>Productos - XG Home 9<\/title>\n<meta name=\"robots\" content=\"index, follow, max-snippet:-1, max-image-preview:large, max-video-preview:-1\" \/>\n<link rel=\"canonical\" href=\"https:\/\/xghome9.com\/en\/productos\/\" \/>\n<meta property=\"og:locale\" content=\"en_GB\" \/>\n<meta property=\"og:type\" content=\"article\" \/>\n<meta property=\"og:title\" content=\"Productos - XG Home 9\" \/>\n<meta property=\"og:description\" content=\"PRODUCTOS Art\u00edculos de bazar y regalo: Detalles pr\u00e1cticos y originales para todas las ocasiones. Decoraci\u00f3n y hogar: Accesorios y complementos que embellecen cualquier espacio. Belleza e higiene: Productos de cuidado personal de alta calidad. Limpieza: Soluciones efectivas para mantener entornos impecables. Bisuter\u00eda y complementos de moda: Dise\u00f1os elegantes y actuales. Trabajos de imprenta y papeler\u00eda: [&hellip;]\" \/>\n<meta property=\"og:url\" content=\"https:\/\/xghome9.com\/en\/productos\/\" \/>\n<meta property=\"og:site_name\" content=\"XG Home 9\" \/>\n<meta property=\"article:modified_time\" content=\"2025-10-07T13:51:46+00:00\" \/>\n<meta name=\"twitter:card\" content=\"summary_large_image\" \/>\n<meta name=\"twitter:label1\" content=\"Estimated reading time\" \/>\n\t<meta name=\"twitter:data1\" content=\"1 minute\" \/>\n<script type=\"application\/ld+json\" class=\"yoast-schema-graph\">{\"@context\":\"https:\\\/\\\/schema.org\",\"@graph\":[{\"@type\":\"WebPage\",\"@id\":\"https:\\\/\\\/xghome9.com\\\/productos\\\/\",\"url\":\"https:\\\/\\\/xghome9.com\\\/productos\\\/\",\"name\":\"Productos - XG Home 9\",\"isPartOf\":{\"@id\":\"https:\\\/\\\/xghome9.com\\\/#website\"},\"datePublished\":\"2025-10-07T11:20:28+00:00\",\"dateModified\":\"2025-10-07T13:51:46+00:00\",\"breadcrumb\":{\"@id\":\"https:\\\/\\\/xghome9.com\\\/productos\\\/#breadcrumb\"},\"inLanguage\":\"en-GB\",\"potentialAction\":[{\"@type\":\"ReadAction\",\"target\":[\"https:\\\/\\\/xghome9.com\\\/productos\\\/\"]}]},{\"@type\":\"BreadcrumbList\",\"@id\":\"https:\\\/\\\/xghome9.com\\\/productos\\\/#breadcrumb\",\"itemListElement\":[{\"@type\":\"ListItem\",\"position\":1,\"name\":\"Portada\",\"item\":\"https:\\\/\\\/xghome9.com\\\/\"},{\"@type\":\"ListItem\",\"position\":2,\"name\":\"Productos\"}]},{\"@type\":\"WebSite\",\"@id\":\"https:\\\/\\\/xghome9.com\\\/#website\",\"url\":\"https:\\\/\\\/xghome9.com\\\/\",\"name\":\"XG Home 9\",\"description\":\"Productos para casa\",\"publisher\":{\"@id\":\"https:\\\/\\\/xghome9.com\\\/#organization\"},\"potentialAction\":[{\"@type\":\"SearchAction\",\"target\":{\"@type\":\"EntryPoint\",\"urlTemplate\":\"https:\\\/\\\/xghome9.com\\\/?s={search_term_string}\"},\"query-input\":{\"@type\":\"PropertyValueSpecification\",\"valueRequired\":true,\"valueName\":\"search_term_string\"}}],\"inLanguage\":\"en-GB\"},{\"@type\":\"Organization\",\"@id\":\"https:\\\/\\\/xghome9.com\\\/#organization\",\"name\":\"XG Home 9\",\"url\":\"https:\\\/\\\/xghome9.com\\\/\",\"logo\":{\"@type\":\"ImageObject\",\"inLanguage\":\"en-GB\",\"@id\":\"https:\\\/\\\/xghome9.com\\\/#\\\/schema\\\/logo\\\/image\\\/\",\"url\":\"https:\\\/\\\/xghome9.com\\\/wp-content\\\/uploads\\\/2025\\\/10\\\/cropped-Yuee-Qiu.png\",\"contentUrl\":\"https:\\\/\\\/xghome9.com\\\/wp-content\\\/uploads\\\/2025\\\/10\\\/cropped-Yuee-Qiu.png\",\"width\":383,\"height\":187,\"caption\":\"XG Home 9\"},\"image\":{\"@id\":\"https:\\\/\\\/xghome9.com\\\/#\\\/schema\\\/logo\\\/image\\\/\"}}]}<\/script>\n<!-- \/ Yoast SEO plugin. -->","yoast_head_json":{"title":"Productos - XG Home 9","robots":{"index":"index","follow":"follow","max-snippet":"max-snippet:-1","max-image-preview":"max-image-preview:large","max-video-preview":"max-video-preview:-1"},"canonical":"https:\/\/xghome9.com\/en\/productos\/","og_locale":"en_GB","og_type":"article","og_title":"Productos - XG Home 9","og_description":"PRODUCTOS Art\u00edculos de bazar y regalo: Detalles pr\u00e1cticos y originales para todas las ocasiones. Decoraci\u00f3n y hogar: Accesorios y complementos que embellecen cualquier espacio. Belleza e higiene: Productos de cuidado personal de alta calidad. Limpieza: Soluciones efectivas para mantener entornos impecables. Bisuter\u00eda y complementos de moda: Dise\u00f1os elegantes y actuales. Trabajos de imprenta y papeler\u00eda: [&hellip;]","og_url":"https:\/\/xghome9.com\/en\/productos\/","og_site_name":"XG Home 9","article_modified_time":"2025-10-07T13:51:46+00:00","twitter_card":"summary_large_image","twitter_misc":{"Estimated reading time":"1 minute"},"schema":{"@context":"https:\/\/schema.org","@graph":[{"@type":"WebPage","@id":"https:\/\/xghome9.com\/productos\/","url":"https:\/\/xghome9.com\/productos\/","name":"Productos - XG Home 9","isPartOf":{"@id":"https:\/\/xghome9.com\/#website"},"datePublished":"2025-10-07T11:20:28+00:00","dateModified":"2025-10-07T13:51:46+00:00","breadcrumb":{"@id":"https:\/\/xghome9.com\/productos\/#breadcrumb"},"inLanguage":"en-GB","potentialAction":[{"@type":"ReadAction","target":["https:\/\/xghome9.com\/productos\/"]}]},{"@type":"BreadcrumbList","@id":"https:\/\/xghome9.com\/productos\/#breadcrumb","itemListElement":[{"@type":"ListItem","position":1,"name":"Portada","item":"https:\/\/xghome9.com\/"},{"@type":"ListItem","position":2,"name":"Productos"}]},{"@type":"WebSite","@id":"https:\/\/xghome9.com\/#website","url":"https:\/\/xghome9.com\/","name":"XG Home 9","description":"Productos para casa","publisher":{"@id":"https:\/\/xghome9.com\/#organization"},"potentialAction":[{"@type":"SearchAction","target":{"@type":"EntryPoint","urlTemplate":"https:\/\/xghome9.com\/?s={search_term_string}"},"query-input":{"@type":"PropertyValueSpecification","valueRequired":true,"valueName":"search_term_string"}}],"inLanguage":"en-GB"},{"@type":"Organization","@id":"https:\/\/xghome9.com\/#organization","name":"XG Home 9","url":"https:\/\/xghome9.com\/","logo":{"@type":"ImageObject","inLanguage":"en-GB","@id":"https:\/\/xghome9.com\/#\/schema\/logo\/image\/","url":"https:\/\/xghome9.com\/wp-content\/uploads\/2025\/10\/cropped-Yuee-Qiu.png","contentUrl":"https:\/\/xghome9.com\/wp-content\/uploads\/2025\/10\/cropped-Yuee-Qiu.png","width":383,"height":187,"caption":"XG Home 9"},"image":{"@id":"https:\/\/xghome9.com\/#\/schema\/logo\/image\/"}}]}},"_links":{"self":[{"href":"https:\/\/xghome9.com\/en\/wp-json\/wp\/v2\/pages\/13","targetHints":{"allow":["GET"]}}],"collection":[{"href":"https:\/\/xghome9.com\/en\/wp-json\/wp\/v2\/pages"}],"about":[{"href":"https:\/\/xghome9.com\/en\/wp-json\/wp\/v2\/types\/page"}],"author":[{"embeddable":true,"href":"https:\/\/xghome9.com\/en\/wp-json\/wp\/v2\/users\/1"}],"replies":[{"embeddable":true,"href":"https:\/\/xghome9.com\/en\/wp-json\/wp\/v2\/comments?post=13"}],"version-history":[{"count":28,"href":"https:\/\/xghome9.com\/en\/wp-json\/wp\/v2\/pages\/13\/revisions"}],"predecessor-version":[{"id":199,"href":"https:\/\/xghome9.com\/en\/wp-json\/wp\/v2\/pages\/13\/revisions\/199"}],"wp:attachment":[{"href":"https:\/\/xghome9.com\/en\/wp-json\/wp\/v2\/media?parent=13"}],"curies":[{"name":"wp","href":"https:\/\/api.w.org\/{rel}","templated":true}]}}