{"id":10,"date":"2025-10-07T11:16:29","date_gmt":"2025-10-07T11:16:29","guid":{"rendered":"https:\/\/xghome9.rkinformatika.online\/?page_id=10"},"modified":"2025-10-07T13:45:42","modified_gmt":"2025-10-07T13:45:42","slug":"inicio","status":"publish","type":"page","link":"https:\/\/xghome9.com\/en\/","title":{"rendered":"Home"},"content":{"rendered":"\t\t<div data-elementor-type=\"wp-page\" data-elementor-id=\"10\" class=\"elementor elementor-10\" data-elementor-post-type=\"page\">\n\t\t\t\t\t\t<section class=\"elementor-section elementor-top-section elementor-element elementor-element-33e73fe elementor-section-full_width elementor-section-height-default elementor-section-height-default\" data-id=\"33e73fe\" data-element_type=\"section\" data-e-type=\"section\" data-settings=\"{&quot;background_background&quot;:&quot;classic&quot;,&quot;background_motion_fx_motion_fx_scrolling&quot;:&quot;yes&quot;,&quot;background_motion_fx_devices&quot;:[&quot;desktop&quot;,&quot;tablet&quot;,&quot;mobile&quot;]}\">\n\t\t\t\t\t\t\t<div class=\"elementor-background-overlay\"><\/div>\n\t\t\t\t\t\t\t<div class=\"elementor-container elementor-column-gap-default\">\n\t\t\t\t\t<div class=\"elementor-column elementor-col-100 elementor-top-column elementor-element elementor-element-b144a23\" data-id=\"b144a23\" data-element_type=\"column\" data-e-type=\"column\">\n\t\t\t<div class=\"elementor-widget-wrap elementor-element-populated\">\n\t\t\t\t\t\t<div class=\"elementor-element elementor-element-16ff212 elementor-invisible elementor-widget elementor-widget-heading\" data-id=\"16ff212\" data-element_type=\"widget\" data-e-type=\"widget\" data-settings=\"{&quot;_animation&quot;:&quot;fadeIn&quot;}\" data-widget_type=\"heading.default\">\n\t\t\t\t\t<h1 class=\"elementor-heading-title elementor-size-default\">XG Home<\/h1>\t\t\t\t<\/div>\n\t\t\t\t<section class=\"elementor-section elementor-inner-section elementor-element elementor-element-731b9ba elementor-section-boxed elementor-section-height-default elementor-section-height-default\" data-id=\"731b9ba\" data-element_type=\"section\" data-e-type=\"section\">\n\t\t\t\t\t\t<div class=\"elementor-container elementor-column-gap-default\">\n\t\t\t\t\t<div class=\"elementor-column elementor-col-100 elementor-inner-column elementor-element elementor-element-7371962\" data-id=\"7371962\" data-element_type=\"column\" data-e-type=\"column\">\n\t\t\t<div class=\"elementor-widget-wrap elementor-element-populated\">\n\t\t\t\t\t\t<div class=\"elementor-element elementor-element-93d3412 elementor-invisible elementor-widget elementor-widget-text-editor\" data-id=\"93d3412\" data-element_type=\"widget\" data-e-type=\"widget\" data-settings=\"{&quot;_animation&quot;:&quot;fadeIn&quot;}\" data-widget_type=\"text-editor.default\">\n\t\t\t\t\t\t\t\t\t<p>ARTICULOS DE BAZAR<\/p>\t\t\t\t\t\t\t\t<\/div>\n\t\t\t\t\t<\/div>\n\t\t<\/div>\n\t\t\t\t\t<\/div>\n\t\t<\/section>\n\t\t\t\t\t<\/div>\n\t\t<\/div>\n\t\t\t\t\t<\/div>\n\t\t<\/section>\n\t\t\t\t<section class=\"elementor-section elementor-top-section elementor-element elementor-element-ad0a9bf elementor-section-boxed elementor-section-height-default elementor-section-height-default\" data-id=\"ad0a9bf\" data-element_type=\"section\" data-e-type=\"section\" data-settings=\"{&quot;background_background&quot;:&quot;classic&quot;}\">\n\t\t\t\t\t\t<div class=\"elementor-container elementor-column-gap-no\">\n\t\t\t\t\t<div class=\"elementor-column elementor-col-50 elementor-top-column elementor-element elementor-element-c67a7b0\" data-id=\"c67a7b0\" data-element_type=\"column\" data-e-type=\"column\">\n\t\t\t<div class=\"elementor-widget-wrap elementor-element-populated\">\n\t\t\t\t\t\t<div class=\"elementor-element elementor-element-37ce84b elementor-invisible elementor-widget elementor-widget-heading\" data-id=\"37ce84b\" data-element_type=\"widget\" data-e-type=\"widget\" data-settings=\"{&quot;_animation&quot;:&quot;fadeInLeft&quot;}\" data-widget_type=\"heading.default\">\n\t\t\t\t\t<h2 class=\"elementor-heading-title elementor-size-default\">Sobre nosotros<\/h2>\t\t\t\t<\/div>\n\t\t\t\t<div class=\"elementor-element elementor-element-a3ac62a elementor-widget elementor-widget-text-editor\" data-id=\"a3ac62a\" data-element_type=\"widget\" data-e-type=\"widget\" data-widget_type=\"text-editor.default\">\n\t\t\t\t\t\t\t\t\t<p data-start=\"130\" data-end=\"522\">En XG Home 9 S.L. nos especializamos en la importaci\u00f3n y exportaci\u00f3n de una amplia variedad de mercanc\u00edas, ofreciendo soluciones integrales para negocios y clientes en todo el mundo. Con a\u00f1os de experiencia en el sector, nos destacamos por nuestra calidad, confiabilidad y compromiso, asegurando que nuestros productos lleguen a tiempo y cumpliendo con los m\u00e1s altos est\u00e1ndares.<\/p><p data-start=\"524\" data-end=\"808\">Nuestra misi\u00f3n es conectar mercados y ofrecer productos innovadores y de tendencia, adapt\u00e1ndonos a las necesidades de cada cliente. Desde art\u00edculos de uso cotidiano hasta productos especializados, contamos con un cat\u00e1logo diverso que abarca m\u00faltiples sectores y estilos de vida.<\/p>\t\t\t\t\t\t\t\t<\/div>\n\t\t\t\t\t<\/div>\n\t\t<\/div>\n\t\t\t\t<div class=\"elementor-column elementor-col-50 elementor-top-column elementor-element elementor-element-21e5556\" data-id=\"21e5556\" data-element_type=\"column\" data-e-type=\"column\" data-settings=\"{&quot;background_background&quot;:&quot;classic&quot;}\">\n\t\t\t<div class=\"elementor-widget-wrap elementor-element-populated\">\n\t\t\t\t\t\t<div class=\"elementor-element elementor-element-8d53f81 elementor-widget elementor-widget-image\" data-id=\"8d53f81\" data-element_type=\"widget\" data-e-type=\"widget\" data-widget_type=\"image.default\">\n\t\t\t\t\t\t\t\t\t\t\t\t\t\t\t<img fetchpriority=\"high\" decoding=\"async\" width=\"1000\" height=\"1500\" src=\"https:\/\/xghome9.com\/wp-content\/uploads\/2025\/10\/52749.jpg\" class=\"attachment-full size-full wp-image-138\" alt=\"\" srcset=\"https:\/\/xghome9.com\/wp-content\/uploads\/2025\/10\/52749.jpg 1000w, https:\/\/xghome9.com\/wp-content\/uploads\/2025\/10\/52749-200x300.jpg 200w, https:\/\/xghome9.com\/wp-content\/uploads\/2025\/10\/52749-683x1024.jpg 683w, https:\/\/xghome9.com\/wp-content\/uploads\/2025\/10\/52749-768x1152.jpg 768w, https:\/\/xghome9.com\/wp-content\/uploads\/2025\/10\/52749-8x12.jpg 8w\" sizes=\"(max-width: 1000px) 100vw, 1000px\" \/>\t\t\t\t\t\t\t\t\t\t\t\t\t\t\t<\/div>\n\t\t\t\t\t<\/div>\n\t\t<\/div>\n\t\t\t\t\t<\/div>\n\t\t<\/section>\n\t\t\t\t<section class=\"elementor-section elementor-top-section elementor-element elementor-element-1d8ab9f elementor-section-boxed elementor-section-height-default elementor-section-height-default\" data-id=\"1d8ab9f\" data-element_type=\"section\" data-e-type=\"section\" data-settings=\"{&quot;background_background&quot;:&quot;classic&quot;}\">\n\t\t\t\t\t\t\t<div class=\"elementor-background-overlay\"><\/div>\n\t\t\t\t\t\t\t<div class=\"elementor-container elementor-column-gap-no\">\n\t\t\t\t\t<div class=\"elementor-column elementor-col-100 elementor-top-column elementor-element elementor-element-a3cb11e\" data-id=\"a3cb11e\" data-element_type=\"column\" data-e-type=\"column\">\n\t\t\t<div class=\"elementor-widget-wrap elementor-element-populated\">\n\t\t\t\t\t\t<section class=\"elementor-section elementor-inner-section elementor-element elementor-element-ce5acae elementor-section-full_width elementor-section-height-default elementor-section-height-default\" data-id=\"ce5acae\" data-element_type=\"section\" data-e-type=\"section\">\n\t\t\t\t\t\t<div class=\"elementor-container elementor-column-gap-no\">\n\t\t\t\t\t<div class=\"elementor-column elementor-col-100 elementor-inner-column elementor-element elementor-element-2b87968\" data-id=\"2b87968\" data-element_type=\"column\" data-e-type=\"column\">\n\t\t\t<div class=\"elementor-widget-wrap elementor-element-populated\">\n\t\t\t\t\t\t<div class=\"elementor-element elementor-element-816cf8c elementor-widget elementor-widget-heading\" data-id=\"816cf8c\" data-element_type=\"widget\" data-e-type=\"widget\" data-widget_type=\"heading.default\">\n\t\t\t\t\t<h2 class=\"elementor-heading-title elementor-size-default\">Calidad, puntualidad y confianza<\/h2>\t\t\t\t<\/div>\n\t\t\t\t<div class=\"elementor-element elementor-element-22cd4d1 elementor-align-center elementor-widget elementor-widget-button\" data-id=\"22cd4d1\" data-element_type=\"widget\" data-e-type=\"widget\" data-widget_type=\"button.default\">\n\t\t\t\t\t\t\t\t\t\t<a class=\"elementor-button elementor-button-link elementor-size-sm\" href=\"https:\/\/xghome9.com\/productos\/\">\n\t\t\t\t\t\t<span class=\"elementor-button-content-wrapper\">\n\t\t\t\t\t\t\t\t\t<span class=\"elementor-button-text\">Saber m\u00e1s<\/span>\n\t\t\t\t\t<\/span>\n\t\t\t\t\t<\/a>\n\t\t\t\t\t\t\t\t<\/div>\n\t\t\t\t\t<\/div>\n\t\t<\/div>\n\t\t\t\t\t<\/div>\n\t\t<\/section>\n\t\t\t\t\t<\/div>\n\t\t<\/div>\n\t\t\t\t\t<\/div>\n\t\t<\/section>\n\t\t\t\t<\/div>\n\t\t","protected":false},"excerpt":{"rendered":"<p>XG Home ARTICULOS DE BAZAR Sobre nosotros En XG Home 9 S.L. nos especializamos en la importaci\u00f3n y exportaci\u00f3n de una amplia variedad de mercanc\u00edas, ofreciendo soluciones integrales para negocios y clientes en todo el mundo. Con a\u00f1os de experiencia en el sector, nos destacamos por nuestra calidad, confiabilidad y compromiso, asegurando que nuestros productos [&hellip;]<\/p>\n","protected":false},"author":1,"featured_media":0,"parent":0,"menu_order":0,"comment_status":"closed","ping_status":"closed","template":"elementor_canvas","meta":{"footnotes":""},"class_list":["post-10","page","type-page","status-publish","hentry"],"yoast_head":"<!-- This site is optimized with the Yoast SEO plugin v27.3 - https:\/\/yoast.com\/product\/yoast-seo-wordpress\/ -->\n<title>Inicio - XG Home 9<\/title>\n<meta name=\"robots\" content=\"index, follow, max-snippet:-1, max-image-preview:large, max-video-preview:-1\" \/>\n<link rel=\"canonical\" href=\"https:\/\/xghome9.com\/en\/\" \/>\n<meta property=\"og:locale\" content=\"en_GB\" \/>\n<meta property=\"og:type\" content=\"article\" \/>\n<meta property=\"og:title\" content=\"Inicio - XG Home 9\" \/>\n<meta property=\"og:description\" content=\"XG Home ARTICULOS DE BAZAR Sobre nosotros En XG Home 9 S.L. nos especializamos en la importaci\u00f3n y exportaci\u00f3n de una amplia variedad de mercanc\u00edas, ofreciendo soluciones integrales para negocios y clientes en todo el mundo. Con a\u00f1os de experiencia en el sector, nos destacamos por nuestra calidad, confiabilidad y compromiso, asegurando que nuestros productos [&hellip;]\" \/>\n<meta property=\"og:url\" content=\"https:\/\/xghome9.com\/en\/\" \/>\n<meta property=\"og:site_name\" content=\"XG Home 9\" \/>\n<meta property=\"article:modified_time\" content=\"2025-10-07T13:45:42+00:00\" \/>\n<meta property=\"og:image\" content=\"https:\/\/xghome9.com\/wp-content\/uploads\/2025\/10\/52749.jpg\" \/>\n<meta name=\"twitter:card\" content=\"summary_large_image\" \/>\n<meta name=\"twitter:label1\" content=\"Estimated reading time\" \/>\n\t<meta name=\"twitter:data1\" content=\"1 minute\" \/>\n<script type=\"application\/ld+json\" class=\"yoast-schema-graph\">{\"@context\":\"https:\\\/\\\/schema.org\",\"@graph\":[{\"@type\":\"WebPage\",\"@id\":\"https:\\\/\\\/xghome9.com\\\/\",\"url\":\"https:\\\/\\\/xghome9.com\\\/\",\"name\":\"Inicio - XG Home 9\",\"isPartOf\":{\"@id\":\"https:\\\/\\\/xghome9.com\\\/#website\"},\"primaryImageOfPage\":{\"@id\":\"https:\\\/\\\/xghome9.com\\\/#primaryimage\"},\"image\":{\"@id\":\"https:\\\/\\\/xghome9.com\\\/#primaryimage\"},\"thumbnailUrl\":\"https:\\\/\\\/xghome9.com\\\/wp-content\\\/uploads\\\/2025\\\/10\\\/52749.jpg\",\"datePublished\":\"2025-10-07T11:16:29+00:00\",\"dateModified\":\"2025-10-07T13:45:42+00:00\",\"breadcrumb\":{\"@id\":\"https:\\\/\\\/xghome9.com\\\/#breadcrumb\"},\"inLanguage\":\"en-GB\",\"potentialAction\":[{\"@type\":\"ReadAction\",\"target\":[\"https:\\\/\\\/xghome9.com\\\/\"]}]},{\"@type\":\"ImageObject\",\"inLanguage\":\"en-GB\",\"@id\":\"https:\\\/\\\/xghome9.com\\\/#primaryimage\",\"url\":\"https:\\\/\\\/xghome9.com\\\/wp-content\\\/uploads\\\/2025\\\/10\\\/52749.jpg\",\"contentUrl\":\"https:\\\/\\\/xghome9.com\\\/wp-content\\\/uploads\\\/2025\\\/10\\\/52749.jpg\"},{\"@type\":\"BreadcrumbList\",\"@id\":\"https:\\\/\\\/xghome9.com\\\/#breadcrumb\",\"itemListElement\":[{\"@type\":\"ListItem\",\"position\":1,\"name\":\"Portada\",\"item\":\"https:\\\/\\\/xghome9.com\\\/\"},{\"@type\":\"ListItem\",\"position\":2,\"name\":\"Inicio\"}]},{\"@type\":\"WebSite\",\"@id\":\"https:\\\/\\\/xghome9.com\\\/#website\",\"url\":\"https:\\\/\\\/xghome9.com\\\/\",\"name\":\"XG Home 9\",\"description\":\"Productos para casa\",\"publisher\":{\"@id\":\"https:\\\/\\\/xghome9.com\\\/#organization\"},\"potentialAction\":[{\"@type\":\"SearchAction\",\"target\":{\"@type\":\"EntryPoint\",\"urlTemplate\":\"https:\\\/\\\/xghome9.com\\\/?s={search_term_string}\"},\"query-input\":{\"@type\":\"PropertyValueSpecification\",\"valueRequired\":true,\"valueName\":\"search_term_string\"}}],\"inLanguage\":\"en-GB\"},{\"@type\":\"Organization\",\"@id\":\"https:\\\/\\\/xghome9.com\\\/#organization\",\"name\":\"XG Home 9\",\"url\":\"https:\\\/\\\/xghome9.com\\\/\",\"logo\":{\"@type\":\"ImageObject\",\"inLanguage\":\"en-GB\",\"@id\":\"https:\\\/\\\/xghome9.com\\\/#\\\/schema\\\/logo\\\/image\\\/\",\"url\":\"https:\\\/\\\/xghome9.com\\\/wp-content\\\/uploads\\\/2025\\\/10\\\/cropped-Yuee-Qiu.png\",\"contentUrl\":\"https:\\\/\\\/xghome9.com\\\/wp-content\\\/uploads\\\/2025\\\/10\\\/cropped-Yuee-Qiu.png\",\"width\":383,\"height\":187,\"caption\":\"XG Home 9\"},\"image\":{\"@id\":\"https:\\\/\\\/xghome9.com\\\/#\\\/schema\\\/logo\\\/image\\\/\"}}]}<\/script>\n<!-- \/ Yoast SEO plugin. -->","yoast_head_json":{"title":"Inicio - XG Home 9","robots":{"index":"index","follow":"follow","max-snippet":"max-snippet:-1","max-image-preview":"max-image-preview:large","max-video-preview":"max-video-preview:-1"},"canonical":"https:\/\/xghome9.com\/en\/","og_locale":"en_GB","og_type":"article","og_title":"Inicio - XG Home 9","og_description":"XG Home ARTICULOS DE BAZAR Sobre nosotros En XG Home 9 S.L. nos especializamos en la importaci\u00f3n y exportaci\u00f3n de una amplia variedad de mercanc\u00edas, ofreciendo soluciones integrales para negocios y clientes en todo el mundo. Con a\u00f1os de experiencia en el sector, nos destacamos por nuestra calidad, confiabilidad y compromiso, asegurando que nuestros productos [&hellip;]","og_url":"https:\/\/xghome9.com\/en\/","og_site_name":"XG Home 9","article_modified_time":"2025-10-07T13:45:42+00:00","og_image":[{"url":"https:\/\/xghome9.com\/wp-content\/uploads\/2025\/10\/52749.jpg","type":"","width":"","height":""}],"twitter_card":"summary_large_image","twitter_misc":{"Estimated reading time":"1 minute"},"schema":{"@context":"https:\/\/schema.org","@graph":[{"@type":"WebPage","@id":"https:\/\/xghome9.com\/","url":"https:\/\/xghome9.com\/","name":"Inicio - XG Home 9","isPartOf":{"@id":"https:\/\/xghome9.com\/#website"},"primaryImageOfPage":{"@id":"https:\/\/xghome9.com\/#primaryimage"},"image":{"@id":"https:\/\/xghome9.com\/#primaryimage"},"thumbnailUrl":"https:\/\/xghome9.com\/wp-content\/uploads\/2025\/10\/52749.jpg","datePublished":"2025-10-07T11:16:29+00:00","dateModified":"2025-10-07T13:45:42+00:00","breadcrumb":{"@id":"https:\/\/xghome9.com\/#breadcrumb"},"inLanguage":"en-GB","potentialAction":[{"@type":"ReadAction","target":["https:\/\/xghome9.com\/"]}]},{"@type":"ImageObject","inLanguage":"en-GB","@id":"https:\/\/xghome9.com\/#primaryimage","url":"https:\/\/xghome9.com\/wp-content\/uploads\/2025\/10\/52749.jpg","contentUrl":"https:\/\/xghome9.com\/wp-content\/uploads\/2025\/10\/52749.jpg"},{"@type":"BreadcrumbList","@id":"https:\/\/xghome9.com\/#breadcrumb","itemListElement":[{"@type":"ListItem","position":1,"name":"Portada","item":"https:\/\/xghome9.com\/"},{"@type":"ListItem","position":2,"name":"Inicio"}]},{"@type":"WebSite","@id":"https:\/\/xghome9.com\/#website","url":"https:\/\/xghome9.com\/","name":"XG Home 9","description":"Productos para casa","publisher":{"@id":"https:\/\/xghome9.com\/#organization"},"potentialAction":[{"@type":"SearchAction","target":{"@type":"EntryPoint","urlTemplate":"https:\/\/xghome9.com\/?s={search_term_string}"},"query-input":{"@type":"PropertyValueSpecification","valueRequired":true,"valueName":"search_term_string"}}],"inLanguage":"en-GB"},{"@type":"Organization","@id":"https:\/\/xghome9.com\/#organization","name":"XG Home 9","url":"https:\/\/xghome9.com\/","logo":{"@type":"ImageObject","inLanguage":"en-GB","@id":"https:\/\/xghome9.com\/#\/schema\/logo\/image\/","url":"https:\/\/xghome9.com\/wp-content\/uploads\/2025\/10\/cropped-Yuee-Qiu.png","contentUrl":"https:\/\/xghome9.com\/wp-content\/uploads\/2025\/10\/cropped-Yuee-Qiu.png","width":383,"height":187,"caption":"XG Home 9"},"image":{"@id":"https:\/\/xghome9.com\/#\/schema\/logo\/image\/"}}]}},"_links":{"self":[{"href":"https:\/\/xghome9.com\/en\/wp-json\/wp\/v2\/pages\/10","targetHints":{"allow":["GET"]}}],"collection":[{"href":"https:\/\/xghome9.com\/en\/wp-json\/wp\/v2\/pages"}],"about":[{"href":"https:\/\/xghome9.com\/en\/wp-json\/wp\/v2\/types\/page"}],"author":[{"embeddable":true,"href":"https:\/\/xghome9.com\/en\/wp-json\/wp\/v2\/users\/1"}],"replies":[{"embeddable":true,"href":"https:\/\/xghome9.com\/en\/wp-json\/wp\/v2\/comments?post=10"}],"version-history":[{"count":40,"href":"https:\/\/xghome9.com\/en\/wp-json\/wp\/v2\/pages\/10\/revisions"}],"predecessor-version":[{"id":183,"href":"https:\/\/xghome9.com\/en\/wp-json\/wp\/v2\/pages\/10\/revisions\/183"}],"wp:attachment":[{"href":"https:\/\/xghome9.com\/en\/wp-json\/wp\/v2\/media?parent=10"}],"curies":[{"name":"wp","href":"https:\/\/api.w.org\/{rel}","templated":true}]}}